{"id":19161,"date":"2021-01-13T12:44:07","date_gmt":"2021-01-13T12:44:07","guid":{"rendered":"https:\/\/www.kuvag.com\/impressum\/"},"modified":"2021-09-16T12:17:54","modified_gmt":"2021-09-16T12:17:54","slug":"imprint","status":"publish","type":"page","link":"https:\/\/www.kuvag.com\/en\/imprint\/","title":{"rendered":"Imprint"},"content":{"rendered":"\n\n\n\n\n\n\n\n\n\n\n\n\n\n\n\n\n\n\n\n\n\n\n\n\n\n\n\n\n\n\n        \n    \n            <div class=\"ce ce-cols ce-cols--2\n         ce--mb-0                                 \"\n        id=\"block_6092584d22738\">\n                        <div class=\"container-fluid\">\n                                <div class=\"row\">\n                    <div class=\"col-12 col-lg-6 \">\n                        <!--HIER DIE SCHLEIFE MIT DEM CONTENT SPALTE 1-->\n                                                                                                            \n\n\n\n\n\n\n\n\n\n\n\n\n\n\n\n\n\n\n\n\n\n\n\n\n\n\n\n\n\n                                        \n        \n        \n        \n\n                    \n    \n                \n            <div class=\"ce ce-text\n                                        \"\n             id=\"block_6092584d22738\">\n                                        <div class=\"row\">\n                    <div class=\"col-12 col-md-12 col-xl-12  text-left\">\n                        <div class=\"ce-textblock\" data-aos=\"fade-up\" data-aos-duration=\"300\">\n    <div class=\"ce-textblock__text\">\n                        <p>KUVAG GmbH &amp; Co KG<br \/>\nDragonerstra\u00dfe 2<br \/>\nA \u2013 4720 Neumarkt\/H<br \/>\nTel.: +43(0)7733\/5000-0<br \/>\nFax: +43(0)7733\/5000-43<br \/>\nE-mail:\u00a0<a href=\"https:\/\/www.kuvag.com\/office@kuvag.com\">office@kuvag.com<\/a><\/p>\n\n    <\/div>\n<\/div>\n                    <\/div>\n                <\/div>\n                        <\/div>\n    \n    \n                                                    \n                    <\/div>\n                    <div class=\"col-12 col-lg-6 \">\n                        <!--HIER DIE SCHLEIFE MIT DEM CONTENT SPALTE 2-->\n                                                                                                            \n\n\n\n\n\n\n\n\n\n\n\n\n\n\n\n\n\n\n\n\n\n\n\n\n\n\n\n\n\n                                        \n        \n        \n        \n\n                    \n    \n                \n            <div class=\"ce ce-text\n                                        \"\n             id=\"block_6092584d22738\">\n                                        <div class=\"row\">\n                    <div class=\"col-12 col-md-12 col-xl-12  text-left\">\n                        <div class=\"ce-textblock\" data-aos=\"fade-up\" data-aos-duration=\"300\">\n    <div class=\"ce-textblock__text\">\n                        <p>Firmenbuchnr.: FN 313643 s<br \/>\nFirmenbuchgericht: Landesgericht Wels<br \/>\nUID: ATU 64291947<\/p>\n\n    <\/div>\n<\/div>\n                    <\/div>\n                <\/div>\n                        <\/div>\n    \n    \n                                                                        <\/div>\n                <\/div>\n            <\/div>\n        <\/div>\n            \n\n\n\n\n\n\n\n\n\n\n\n\n\n\n\n\n\n\n\n\n\n\n\n\n\n\n\n\n\n\n\n\n                \n            <div class=\"ce ce-text\n                                        \"\n             id=\"block_609258d92273b\">\n                                    <div class=\"container-fluid\">\n                                <div class=\"row\">\n                    <div class=\"col-12 col-md-12 col-xl-12 mx-auto text-left\">\n                        <div class=\"ce-textblock\" data-aos=\"fade-up\" data-aos-duration=\"300\">\n    <div class=\"ce-textblock__text\">\n                        <p style=\"text-align: left;\"><u>Nutzungsbedingungen<\/u><\/p>\n<p style=\"text-align: left;\">Links auf die Internet-Seiten von Dritten sind nicht unter unserer Kontrolle und wir sind f\u00fcr deren Inhalt nicht verantwortlich. Diese Links sind nur als Unterst\u00fctzung f\u00fcr den Betrachter gedacht. Wir m\u00f6chten nicht den Eindruck erwecken, der Inhalt dieser Seiten sei Teil unserer Internet-Pr\u00e4sentation.<\/p>\n<p style=\"text-align: left;\">Alle Dokumente, Software und Beschreibungen, welche zum Download von diesem Server zur Verf\u00fcgung gestellt werden, unterliegen dem Urheberrecht. F\u00fcr deren Richtigkeit, Funktionalit\u00e4t und Aktualit\u00e4t \u00fcbernehmen wir keine Haftung. Jegliche Haftung f\u00fcr direkte oder indirekte Sch\u00e4den durch die Verwendung sind ausgeschlossen. Dies schlie\u00dft auch Datenverlust und entgangenen Gewinn mit ein. Durch den Download stimmt der Benutzer unseren allgemeinen Gesch\u00e4ftsbedingungen und Lizenzvereinbarungen zu.<\/p>\n<p style=\"text-align: left;\">\n\n    <\/div>\n<\/div>\n                    <\/div>\n                <\/div>\n                            <\/div>\n                    <\/div>\n    \n    \n","protected":false},"excerpt":{"rendered":"","protected":false},"author":22,"featured_media":0,"parent":0,"menu_order":0,"comment_status":"closed","ping_status":"closed","template":"","meta":{"_acf_changed":false,"footnotes":""},"application":[],"productgroup":[],"class_list":["post-19161","page","type-page","status-publish","hentry"],"acf":[],"yoast_head":"<!-- This site is optimized with the Yoast SEO plugin v27.5 - https:\/\/yoast.com\/product\/yoast-seo-wordpress\/ -->\n<title>Imprint - KUVAG GmbH &amp; Co KG<\/title>\n<meta name=\"robots\" content=\"index, follow, max-snippet:-1, max-image-preview:large, max-video-preview:-1\" \/>\n<link rel=\"canonical\" href=\"https:\/\/www.kuvag.com\/en\/imprint\/\" \/>\n<meta property=\"og:locale\" content=\"en_US\" \/>\n<meta property=\"og:type\" content=\"article\" \/>\n<meta property=\"og:title\" content=\"Imprint - KUVAG GmbH &amp; Co KG\" \/>\n<meta property=\"og:url\" content=\"https:\/\/www.kuvag.com\/en\/imprint\/\" \/>\n<meta property=\"og:site_name\" content=\"KUVAG GmbH &amp; Co KG\" \/>\n<meta property=\"article:modified_time\" content=\"2021-09-16T12:17:54+00:00\" \/>\n<meta name=\"twitter:card\" content=\"summary_large_image\" \/>\n<script type=\"application\/ld+json\" class=\"yoast-schema-graph\">{\"@context\":\"https:\\\/\\\/schema.org\",\"@graph\":[{\"@type\":\"WebPage\",\"@id\":\"https:\\\/\\\/www.kuvag.com\\\/en\\\/imprint\\\/\",\"url\":\"https:\\\/\\\/www.kuvag.com\\\/en\\\/imprint\\\/\",\"name\":\"Imprint - KUVAG GmbH &amp; Co KG\",\"isPartOf\":{\"@id\":\"https:\\\/\\\/www.kuvag.com\\\/#website\"},\"datePublished\":\"2021-01-13T12:44:07+00:00\",\"dateModified\":\"2021-09-16T12:17:54+00:00\",\"breadcrumb\":{\"@id\":\"https:\\\/\\\/www.kuvag.com\\\/en\\\/imprint\\\/#breadcrumb\"},\"inLanguage\":\"en-US\",\"potentialAction\":[{\"@type\":\"ReadAction\",\"target\":[\"https:\\\/\\\/www.kuvag.com\\\/en\\\/imprint\\\/\"]}]},{\"@type\":\"BreadcrumbList\",\"@id\":\"https:\\\/\\\/www.kuvag.com\\\/en\\\/imprint\\\/#breadcrumb\",\"itemListElement\":[{\"@type\":\"ListItem\",\"position\":1,\"name\":\"Homepage\",\"item\":\"https:\\\/\\\/www.kuvag.com\\\/en\\\/start\\\/\"},{\"@type\":\"ListItem\",\"position\":2,\"name\":\"Imprint\"}]},{\"@type\":\"WebSite\",\"@id\":\"https:\\\/\\\/www.kuvag.com\\\/#website\",\"url\":\"https:\\\/\\\/www.kuvag.com\\\/\",\"name\":\"KUVAG Group\",\"description\":\"Isolatoren Hersteller\",\"publisher\":{\"@id\":\"https:\\\/\\\/www.kuvag.com\\\/#organization\"},\"potentialAction\":[{\"@type\":\"SearchAction\",\"target\":{\"@type\":\"EntryPoint\",\"urlTemplate\":\"https:\\\/\\\/www.kuvag.com\\\/?s={search_term_string}\"},\"query-input\":{\"@type\":\"PropertyValueSpecification\",\"valueRequired\":true,\"valueName\":\"search_term_string\"}}],\"inLanguage\":\"en-US\"},{\"@type\":\"Organization\",\"@id\":\"https:\\\/\\\/www.kuvag.com\\\/#organization\",\"name\":\"Kuvag Group\",\"url\":\"https:\\\/\\\/www.kuvag.com\\\/\",\"logo\":{\"@type\":\"ImageObject\",\"inLanguage\":\"en-US\",\"@id\":\"https:\\\/\\\/www.kuvag.com\\\/#\\\/schema\\\/logo\\\/image\\\/\",\"url\":\"https:\\\/\\\/www.kuvag.com\\\/wp-content\\\/uploads\\\/2021\\\/03\\\/logo.png\",\"contentUrl\":\"https:\\\/\\\/www.kuvag.com\\\/wp-content\\\/uploads\\\/2021\\\/03\\\/logo.png\",\"width\":300,\"height\":219,\"caption\":\"Kuvag Group\"},\"image\":{\"@id\":\"https:\\\/\\\/www.kuvag.com\\\/#\\\/schema\\\/logo\\\/image\\\/\"}}]}<\/script>\n<!-- \/ Yoast SEO plugin. -->","yoast_head_json":{"title":"Imprint - KUVAG GmbH &amp; Co KG","robots":{"index":"index","follow":"follow","max-snippet":"max-snippet:-1","max-image-preview":"max-image-preview:large","max-video-preview":"max-video-preview:-1"},"canonical":"https:\/\/www.kuvag.com\/en\/imprint\/","og_locale":"en_US","og_type":"article","og_title":"Imprint - KUVAG GmbH &amp; Co KG","og_url":"https:\/\/www.kuvag.com\/en\/imprint\/","og_site_name":"KUVAG GmbH &amp; Co KG","article_modified_time":"2021-09-16T12:17:54+00:00","twitter_card":"summary_large_image","schema":{"@context":"https:\/\/schema.org","@graph":[{"@type":"WebPage","@id":"https:\/\/www.kuvag.com\/en\/imprint\/","url":"https:\/\/www.kuvag.com\/en\/imprint\/","name":"Imprint - KUVAG GmbH &amp; Co KG","isPartOf":{"@id":"https:\/\/www.kuvag.com\/#website"},"datePublished":"2021-01-13T12:44:07+00:00","dateModified":"2021-09-16T12:17:54+00:00","breadcrumb":{"@id":"https:\/\/www.kuvag.com\/en\/imprint\/#breadcrumb"},"inLanguage":"en-US","potentialAction":[{"@type":"ReadAction","target":["https:\/\/www.kuvag.com\/en\/imprint\/"]}]},{"@type":"BreadcrumbList","@id":"https:\/\/www.kuvag.com\/en\/imprint\/#breadcrumb","itemListElement":[{"@type":"ListItem","position":1,"name":"Homepage","item":"https:\/\/www.kuvag.com\/en\/start\/"},{"@type":"ListItem","position":2,"name":"Imprint"}]},{"@type":"WebSite","@id":"https:\/\/www.kuvag.com\/#website","url":"https:\/\/www.kuvag.com\/","name":"KUVAG Group","description":"Isolatoren Hersteller","publisher":{"@id":"https:\/\/www.kuvag.com\/#organization"},"potentialAction":[{"@type":"SearchAction","target":{"@type":"EntryPoint","urlTemplate":"https:\/\/www.kuvag.com\/?s={search_term_string}"},"query-input":{"@type":"PropertyValueSpecification","valueRequired":true,"valueName":"search_term_string"}}],"inLanguage":"en-US"},{"@type":"Organization","@id":"https:\/\/www.kuvag.com\/#organization","name":"Kuvag Group","url":"https:\/\/www.kuvag.com\/","logo":{"@type":"ImageObject","inLanguage":"en-US","@id":"https:\/\/www.kuvag.com\/#\/schema\/logo\/image\/","url":"https:\/\/www.kuvag.com\/wp-content\/uploads\/2021\/03\/logo.png","contentUrl":"https:\/\/www.kuvag.com\/wp-content\/uploads\/2021\/03\/logo.png","width":300,"height":219,"caption":"Kuvag Group"},"image":{"@id":"https:\/\/www.kuvag.com\/#\/schema\/logo\/image\/"}}]}},"_links":{"self":[{"href":"https:\/\/www.kuvag.com\/en\/wp-json\/wp\/v2\/pages\/19161","targetHints":{"allow":["GET"]}}],"collection":[{"href":"https:\/\/www.kuvag.com\/en\/wp-json\/wp\/v2\/pages"}],"about":[{"href":"https:\/\/www.kuvag.com\/en\/wp-json\/wp\/v2\/types\/page"}],"author":[{"embeddable":true,"href":"https:\/\/www.kuvag.com\/en\/wp-json\/wp\/v2\/users\/22"}],"replies":[{"embeddable":true,"href":"https:\/\/www.kuvag.com\/en\/wp-json\/wp\/v2\/comments?post=19161"}],"version-history":[{"count":0,"href":"https:\/\/www.kuvag.com\/en\/wp-json\/wp\/v2\/pages\/19161\/revisions"}],"wp:attachment":[{"href":"https:\/\/www.kuvag.com\/en\/wp-json\/wp\/v2\/media?parent=19161"}],"wp:term":[{"taxonomy":"application","embeddable":true,"href":"https:\/\/www.kuvag.com\/en\/wp-json\/wp\/v2\/application?post=19161"},{"taxonomy":"productgroup","embeddable":true,"href":"https:\/\/www.kuvag.com\/en\/wp-json\/wp\/v2\/productgroup?post=19161"}],"curies":[{"name":"wp","href":"https:\/\/api.w.org\/{rel}","templated":true}]}}